{"id":42,"date":"2020-11-22T07:24:11","date_gmt":"2020-11-22T07:24:11","guid":{"rendered":"https:\/\/www.miradaastur.es\/?page_id=42"},"modified":"2022-04-11T16:02:49","modified_gmt":"2022-04-11T16:02:49","slug":"contactar","status":"publish","type":"page","link":"https:\/\/www.miradaastur.es\/?page_id=42","title":{"rendered":"Reservas y Contacto"},"content":{"rendered":"\r\n<div class=\"wp-block-group is-layout-flow wp-block-group-is-layout-flow\">\r\n<div class=\"wp-block-group__inner-container\">\u00a0<\/div>\r\n<\/div>\r\n\r\n\r\n\r\n<p>Las actividades ofertadas tienen un car\u00e1cter ocasional y flexible, para adaptar, de la mejor manera posible, los intereses del visitante a las particularidades de las mismas en las mejores \u00e9pocas del a\u00f1o.<\/p>\r\n\r\n\r\n\r\n<p>A trav\u00e9s de nuestro tel\u00e9fono y de nuestro formulario, podr\u00e1s ponerte en contacto con nosotros y organizar tu experiencia a medida de la mejor forma. Te daremos m\u00e1s claves y recomendaciones sobre cada una de las opciones y nuestras tarifas.<\/p>\r\n\r\n\r\n\r\n<p class=\"has-text-align-center\">TELEFONO<br \/>628 458 138<\/p>\r\n\r\n\r\n\r\n<p class=\"has-text-align-center\">E-MAIL<br \/>diego@miradaastur.es<\/p>\r\n<p class=\"has-text-align-center\">INSTAGRAM<br \/>@miradaastur<\/p>\r\n<p>\r\n\r\n<\/p>\r\n\r\n\r\n\r\n<p class=\"has-text-align-center\">DIRECCI\u00d3N<br \/>Trascastro N\u00ba 10, 33818, Cangas del Narcea, Asturias<\/p>\r\n\r\n\r\n<div class=\"wpforms-container wpforms-container-full\" id=\"wpforms-14\"><form id=\"wpforms-form-14\" class=\"wpforms-validate wpforms-form\" data-formid=\"14\" method=\"post\" enctype=\"multipart\/form-data\" action=\"\/index.php?rest_route=%2Fwp%2Fv2%2Fpages%2F42\" data-token=\"29adc209450764cb91fcde0646e21665\" data-token-time=\"1778158343\"><noscript class=\"wpforms-error-noscript\">Por favor, activa JavaScript en tu navegador para completar este formulario.<\/noscript><div class=\"wpforms-field-container\"><div id=\"wpforms-14-field_0-container\" class=\"wpforms-field wpforms-field-name wpforms-one-half wpforms-first\" data-field-id=\"0\"><label class=\"wpforms-field-label wpforms-label-hide\" for=\"wpforms-14-field_0\">Name <span class=\"wpforms-required-label\">*<\/span><\/label><input type=\"text\" id=\"wpforms-14-field_0\" class=\"wpforms-field-large wpforms-field-required\" name=\"wpforms[fields][0]\" placeholder=\"Tu nombre\" required><\/div><div id=\"wpforms-14-field_3-container\" class=\"wpforms-field wpforms-field-email wpforms-one-half\" data-field-id=\"3\"><label class=\"wpforms-field-label wpforms-label-hide\" for=\"wpforms-14-field_3\">Email <span class=\"wpforms-required-label\">*<\/span><\/label><input type=\"email\" id=\"wpforms-14-field_3\" class=\"wpforms-field-large wpforms-field-required\" name=\"wpforms[fields][3]\" placeholder=\"Tu correo electr\u00f3nico\" spellcheck=\"false\" required><\/div><div id=\"wpforms-14-field_4-container\" class=\"wpforms-field wpforms-field-text\" data-field-id=\"4\"><label class=\"wpforms-field-label wpforms-label-hide\" for=\"wpforms-14-field_4\">Subject<\/label><input type=\"text\" id=\"wpforms-14-field_4\" class=\"wpforms-field-large\" name=\"wpforms[fields][4]\" placeholder=\"Asunto\" ><\/div><div id=\"wpforms-14-field_2-container\" class=\"wpforms-field wpforms-field-textarea\" data-field-id=\"2\"><label class=\"wpforms-field-label wpforms-label-hide\" for=\"wpforms-14-field_2\">Message <span class=\"wpforms-required-label\">*<\/span><\/label><textarea id=\"wpforms-14-field_2\" class=\"wpforms-field-medium wpforms-field-required\" name=\"wpforms[fields][2]\" placeholder=\"Su mensaje\" required><\/textarea><\/div><\/div><!-- .wpforms-field-container --><div class=\"wpforms-submit-container\" ><input type=\"hidden\" name=\"wpforms[id]\" value=\"14\"><input type=\"hidden\" name=\"page_title\" value=\"\"><input type=\"hidden\" name=\"page_url\" value=\"https:\/\/www.miradaastur.es\/index.php?rest_route=\/wp\/v2\/pages\/42\"><input type=\"hidden\" name=\"url_referer\" value=\"\"><button type=\"submit\" name=\"wpforms[submit]\" id=\"wpforms-submit-14\" class=\"wpforms-submit\" data-alt-text=\"Sending...\" data-submit-text=\"Enviar mensaje\" aria-live=\"assertive\" value=\"wpforms-submit\">Enviar mensaje<\/button><\/div><\/form><\/div>  <!-- .wpforms-container -->\n","protected":false},"excerpt":{"rendered":"<p>\u00a0 Las actividades ofertadas tienen un car\u00e1cter ocasional y flexible, para adaptar, de la mejor manera posible, los intereses del visitante a las particularidades de las mismas en las mejores \u00e9pocas del a\u00f1o. A trav\u00e9s de nuestro tel\u00e9fono y de nuestro formulario, podr\u00e1s ponerte en contacto con nosotros y organizar tu experiencia a medida de [&hellip;]<\/p>\n","protected":false},"author":1,"featured_media":147,"parent":0,"menu_order":0,"comment_status":"closed","ping_status":"closed","template":"","meta":{"footnotes":""},"class_list":["post-42","page","type-page","status-publish","has-post-thumbnail","hentry"],"_links":{"self":[{"href":"https:\/\/www.miradaastur.es\/index.php?rest_route=\/wp\/v2\/pages\/42","targetHints":{"allow":["GET"]}}],"collection":[{"href":"https:\/\/www.miradaastur.es\/index.php?rest_route=\/wp\/v2\/pages"}],"about":[{"href":"https:\/\/www.miradaastur.es\/index.php?rest_route=\/wp\/v2\/types\/page"}],"author":[{"embeddable":true,"href":"https:\/\/www.miradaastur.es\/index.php?rest_route=\/wp\/v2\/users\/1"}],"replies":[{"embeddable":true,"href":"https:\/\/www.miradaastur.es\/index.php?rest_route=%2Fwp%2Fv2%2Fcomments&post=42"}],"version-history":[{"count":11,"href":"https:\/\/www.miradaastur.es\/index.php?rest_route=\/wp\/v2\/pages\/42\/revisions"}],"predecessor-version":[{"id":482,"href":"https:\/\/www.miradaastur.es\/index.php?rest_route=\/wp\/v2\/pages\/42\/revisions\/482"}],"wp:featuredmedia":[{"embeddable":true,"href":"https:\/\/www.miradaastur.es\/index.php?rest_route=\/wp\/v2\/media\/147"}],"wp:attachment":[{"href":"https:\/\/www.miradaastur.es\/index.php?rest_route=%2Fwp%2Fv2%2Fmedia&parent=42"}],"curies":[{"name":"wp","href":"https:\/\/api.w.org\/{rel}","templated":true}]}}