{"id":516,"date":"2024-01-22T17:20:27","date_gmt":"2024-01-22T17:20:27","guid":{"rendered":"https:\/\/www.miradaastur.es\/?page_id=516"},"modified":"2024-01-22T17:20:27","modified_gmt":"2024-01-22T17:20:27","slug":"ayudas","status":"publish","type":"page","link":"https:\/\/www.miradaastur.es\/?page_id=516","title":{"rendered":"Ayudas"},"content":{"rendered":"<p dir=\"ltr\">ACTIVIDAD DE TURISMO ACTIVO EN EL CONCEJO DE CANGAS DEL NARCEA. SE OFERTAN ACTIVIDADES DE SENDERISMO Y AVISTAMIENTO DE FAUNA, PRINCIPALMENTE EN EL ENTORNO DEL PARQUE NATURAL DE LAS FUENTES DEL NARCEA, DEGA\u00d1A E IBIAS, Y M\u00c1S CONCRETAMENTE EN EL ENTORNO DE COMPRENDIDO POR EL VALLE DE LEITARIEGOS.<\/p>\n<p dir=\"ltr\">NOMBRE COMERCIAL DE LA EMPRESA: MIRADAASTUR<\/p>\n<p dir=\"ltr\">LAS RUTAS A REALIZAR SE DISE\u00d1ARAN Y ADAPTARAN EN BASE A LOS REQUERIMIENTOS DE CADA CLIENTE, Y A SUS CONDICIONES FISICAS. EN LAS ACTIVIDADES REALIZADAS SE INTERPRETA LA FAUNA Y FLORA DEL ENTORNO, Y SE LLEVAN A CABO ACCIONES DE SENSIBILIZACI\u00d3N EN GESTI\u00d3N SOSTENIBLE.<\/p>\n<p dir=\"ltr\">EN TODA LA PRESTACI\u00d3N DEL SERVICIO SE HACE UN ADECUADO CONTROL DE RESIDUOS.<\/p>\n<p dir=\"ltr\">PARA LA REALIZACI\u00d3N DE LAS ACTIVIDADES SE PONE A DISPOSICI\u00d3N DEL CLIENTE MATEIAL DE AVISTAMIENTO.<\/p>\n<p dir=\"ltr\">\n<p dir=\"ltr\">PROYECTO SUBVENCIONADO POR LAS AYUDAS DESTINADAS A LA FINANCIACI\u00d3N DE NUEVOS PROYECTOS TERRITORIALES PARA EL REEQUILIBRIO Y LA EQUIDAD EN EMPRENDIMIENTO Y MICROEMPRESAS, EN EL MARCO DEL PLAN DE RECUPERACI\u00d3N, TRANSFORMACI\u00d3N Y RESILIENCIA (RESOLUCI\u00d3N DE 30 DE DICIEMBRE DE 2021 DE LA CONSEJER\u00cdA DE INDUSTRIA, EMPLEO Y PROMOCI\u00d3N ECON\u00d3MICA \u2013 GOBIERNO DEL PRINCIPADO DE ASTURIAS &#8211; BOPA 18\/1\/2022)<\/p>\n<p dir=\"ltr\">\n<p dir=\"ltr\"><img decoding=\"async\" src=\"https:\/\/lh6.googleusercontent.com\/p6mG0wT_q-kF4sh2yloWkzo1rc5o-2kWlg3ehh8WcipzXFxOqig2CJQ7KoVcjVC8Zys-n7TI56ZUwhWI7Bll_0sLTIXrnqepVou4lXnWZmcipjnULs9wFqZ74E221FGUUw=w1280\" \/><\/p>\n","protected":false},"excerpt":{"rendered":"<p>ACTIVIDAD DE TURISMO ACTIVO EN EL CONCEJO DE CANGAS DEL NARCEA. SE OFERTAN ACTIVIDADES DE SENDERISMO Y AVISTAMIENTO DE FAUNA, PRINCIPALMENTE EN EL ENTORNO DEL PARQUE NATURAL DE LAS FUENTES DEL NARCEA, DEGA\u00d1A E IBIAS, Y M\u00c1S CONCRETAMENTE EN EL ENTORNO DE COMPRENDIDO POR EL VALLE DE LEITARIEGOS. NOMBRE COMERCIAL DE LA EMPRESA: MIRADAASTUR LAS [&hellip;]<\/p>\n","protected":false},"author":1,"featured_media":0,"parent":0,"menu_order":0,"comment_status":"closed","ping_status":"closed","template":"","meta":{"footnotes":""},"class_list":["post-516","page","type-page","status-publish","hentry"],"_links":{"self":[{"href":"https:\/\/www.miradaastur.es\/index.php?rest_route=\/wp\/v2\/pages\/516","targetHints":{"allow":["GET"]}}],"collection":[{"href":"https:\/\/www.miradaastur.es\/index.php?rest_route=\/wp\/v2\/pages"}],"about":[{"href":"https:\/\/www.miradaastur.es\/index.php?rest_route=\/wp\/v2\/types\/page"}],"author":[{"embeddable":true,"href":"https:\/\/www.miradaastur.es\/index.php?rest_route=\/wp\/v2\/users\/1"}],"replies":[{"embeddable":true,"href":"https:\/\/www.miradaastur.es\/index.php?rest_route=%2Fwp%2Fv2%2Fcomments&post=516"}],"version-history":[{"count":1,"href":"https:\/\/www.miradaastur.es\/index.php?rest_route=\/wp\/v2\/pages\/516\/revisions"}],"predecessor-version":[{"id":517,"href":"https:\/\/www.miradaastur.es\/index.php?rest_route=\/wp\/v2\/pages\/516\/revisions\/517"}],"wp:attachment":[{"href":"https:\/\/www.miradaastur.es\/index.php?rest_route=%2Fwp%2Fv2%2Fmedia&parent=516"}],"curies":[{"name":"wp","href":"https:\/\/api.w.org\/{rel}","templated":true}]}}