{"id":62,"date":"2020-12-11T11:35:09","date_gmt":"2020-12-11T11:35:09","guid":{"rendered":"https:\/\/www.miradaastur.es\/?page_id=62"},"modified":"2022-07-05T09:33:22","modified_gmt":"2022-07-05T09:33:22","slug":"actividades","status":"publish","type":"page","link":"https:\/\/www.miradaastur.es\/?page_id=62","title":{"rendered":"Actividades"},"content":{"rendered":"\r\n<div id=\"wp-block-themeisle-blocks-advanced-columns-b0a8ee5c\" class=\"wp-block-themeisle-blocks-advanced-columns has-undefined-columns has-desktop-undefined-layout has-tablet-equal-layout has-mobile-equal-layout has-default-gap has-vertical-unset\">\r\n<div class=\"wp-block-themeisle-blocks-advanced-columns-overlay\">\u00a0<\/div>\r\n<div class=\"innerblocks-wrap\">\u00a0<\/div>\r\n<\/div>\r\n\r\n\r\n\r\n<p>Nuestras actividades tienen lugar en los parajes de Leitariegos, donde el ritmo de vida se ralentiza poco a poco para dejar espacio al desarrollo de la naturaleza m\u00e1s pura, alej\u00e1ndonos del frenes\u00ed de los n\u00facleos urbanos m\u00e1s poblados.<\/p>\r\n\r\n\r\n\r\n<p>Desde Mirada Astur queremos hacer disfrutar al visitante con el entorno que nos rodea a trav\u00e9s de diferentes rutas interpretadas por esta zona oriental del Parque Natural de las Fuentes del Narcea, Dega\u00f1a e Ibias, y as\u00ed conocer la flora y fauna que predomina en ellas, aprendiendo a identificarla. Adem\u00e1s, observaremos la huella que ha ido dejando el hombre en este paisaje con su modo de vida dedicado a la ganader\u00eda y la agricultura de subsistencia.<\/p>\r\n\r\n\r\n\r\n<p>El avistamiento de fauna aut\u00f3ctona conforma la principal actividad que Mirada Astur pone a disposici\u00f3n del visitante curioso. La b\u00fasqueda activa de algunas de las especies m\u00e1s emblem\u00e1ticas y conocidas de nuestro territorio, como el Oso Pardo, el Gato Mont\u00e9s o la Liebre de Piornal, con la ayuda de potente material \u00f3ptico de alta calidad, nos har\u00e1 disfrutar de todos los detalles del ciclo vital de nuestra fauna local, sin necesidad de causar la m\u00ednima molestia.<\/p>\r\n<p style=\"text-align: center;\"><div id=\"metaslider-id-208\" style=\"width: 100%;\" class=\"ml-slider-3-107-0 metaslider metaslider-flex metaslider-208 ml-slider has-dots-nav ms-theme-default\" role=\"region\" aria-label=\"actividades\" data-height=\"300\" data-width=\"700\">\n    <div id=\"metaslider_container_208\">\n        <div id=\"metaslider_208\">\n            <ul class='slides'>\n                <li style=\"display: block; width: 100%;\" class=\"slide-295 ms-image \" aria-roledescription=\"slide\" data-date=\"2021-01-23 17:50:46\" data-filename=\"pr1-1510-700x300.jpg\" data-slide-type=\"image\"><img loading=\"lazy\" decoding=\"async\" src=\"https:\/\/www.miradaastur.es\/wp-content\/uploads\/2021\/01\/pr1-1510-700x300.jpg\" height=\"300\" width=\"700\" alt=\"\" class=\"slider-208 slide-295 msDefaultImage\" title=\"pr1-1510\" \/><\/li>\n                <li style=\"display: none; width: 100%;\" class=\"slide-296 ms-image \" aria-roledescription=\"slide\" data-date=\"2021-01-23 17:50:46\" data-filename=\"pr1-1956-700x300.jpg\" data-slide-type=\"image\"><img loading=\"lazy\" decoding=\"async\" src=\"https:\/\/www.miradaastur.es\/wp-content\/uploads\/2021\/01\/pr1-1956-700x300.jpg\" height=\"300\" width=\"700\" alt=\"\" class=\"slider-208 slide-296 msDefaultImage\" title=\"pr1-1956\" \/><\/li>\n                <li style=\"display: none; width: 100%;\" class=\"slide-297 ms-image \" aria-roledescription=\"slide\" data-date=\"2021-01-23 17:50:46\" data-filename=\"pr1-4719-700x300.jpg\" data-slide-type=\"image\"><img loading=\"lazy\" decoding=\"async\" src=\"https:\/\/www.miradaastur.es\/wp-content\/uploads\/2021\/01\/pr1-4719-700x300.jpg\" height=\"300\" width=\"700\" alt=\"\" class=\"slider-208 slide-297 msDefaultImage\" title=\"pr1-4719\" \/><\/li>\n                <li style=\"display: none; width: 100%;\" class=\"slide-298 ms-image \" aria-roledescription=\"slide\" data-date=\"2021-01-23 17:50:47\" data-filename=\"pr1-6153-700x300.jpg\" data-slide-type=\"image\"><img loading=\"lazy\" decoding=\"async\" src=\"https:\/\/www.miradaastur.es\/wp-content\/uploads\/2021\/01\/pr1-6153-700x300.jpg\" height=\"300\" width=\"700\" alt=\"\" class=\"slider-208 slide-298 msDefaultImage\" title=\"pr1-6153\" \/><\/li>\n                <li style=\"display: none; width: 100%;\" class=\"slide-299 ms-image \" aria-roledescription=\"slide\" data-date=\"2021-01-23 17:50:47\" data-filename=\"pr2-1554-700x300.jpg\" data-slide-type=\"image\"><img loading=\"lazy\" decoding=\"async\" src=\"https:\/\/www.miradaastur.es\/wp-content\/uploads\/2021\/01\/pr2-1554-700x300.jpg\" height=\"300\" width=\"700\" alt=\"\" class=\"slider-208 slide-299 msDefaultImage\" title=\"pr2-1554\" \/><\/li>\n                <li style=\"display: none; width: 100%;\" class=\"slide-300 ms-image \" aria-roledescription=\"slide\" data-date=\"2021-01-23 17:50:47\" data-filename=\"pr2-2425-700x300.jpg\" data-slide-type=\"image\"><img loading=\"lazy\" decoding=\"async\" src=\"https:\/\/www.miradaastur.es\/wp-content\/uploads\/2021\/01\/pr2-2425-700x300.jpg\" height=\"300\" width=\"700\" alt=\"\" class=\"slider-208 slide-300 msDefaultImage\" title=\"pr2-2425\" \/><\/li>\n                <li style=\"display: none; width: 100%;\" class=\"slide-301 ms-image \" aria-roledescription=\"slide\" data-date=\"2021-01-23 17:50:47\" data-filename=\"prnpr3-5169-700x300.jpg\" data-slide-type=\"image\"><img loading=\"lazy\" decoding=\"async\" src=\"https:\/\/www.miradaastur.es\/wp-content\/uploads\/2021\/01\/prnpr3-5169-700x300.jpg\" height=\"300\" width=\"700\" alt=\"\" class=\"slider-208 slide-301 msDefaultImage\" title=\"prnpr3-5169\" \/><\/li>\n                <li style=\"display: none; width: 100%;\" class=\"slide-302 ms-image \" aria-roledescription=\"slide\" data-date=\"2021-01-23 17:50:47\" data-filename=\"prpr2-5475-700x300.jpg\" data-slide-type=\"image\"><img loading=\"lazy\" decoding=\"async\" src=\"https:\/\/www.miradaastur.es\/wp-content\/uploads\/2021\/01\/prpr2-5475-700x300.jpg\" height=\"300\" width=\"700\" alt=\"\" class=\"slider-208 slide-302 msDefaultImage\" title=\"prpr2-5475\" \/><\/li>\n                <li style=\"display: none; width: 100%;\" class=\"slide-303 ms-image \" aria-roledescription=\"slide\" data-date=\"2021-01-23 17:50:47\" data-filename=\"prpr3-5155-700x300.jpg\" data-slide-type=\"image\"><img loading=\"lazy\" decoding=\"async\" src=\"https:\/\/www.miradaastur.es\/wp-content\/uploads\/2021\/01\/prpr3-5155-700x300.jpg\" height=\"300\" width=\"700\" alt=\"\" class=\"slider-208 slide-303 msDefaultImage\" title=\"prpr3-5155\" \/><\/li>\n                <li style=\"display: none; width: 100%;\" class=\"slide-304 ms-image \" aria-roledescription=\"slide\" data-date=\"2021-01-23 17:50:47\" data-filename=\"pspr1-9386-700x300.jpg\" data-slide-type=\"image\"><img loading=\"lazy\" decoding=\"async\" src=\"https:\/\/www.miradaastur.es\/wp-content\/uploads\/2021\/01\/pspr1-9386-700x300.jpg\" height=\"300\" width=\"700\" alt=\"\" class=\"slider-208 slide-304 msDefaultImage\" title=\"pspr1-9386\" \/><\/li>\n                <li style=\"display: none; width: 100%;\" class=\"slide-305 ms-image \" aria-roledescription=\"slide\" data-date=\"2021-01-23 17:50:47\" data-filename=\"pspr1-9421-700x300.jpg\" data-slide-type=\"image\"><img loading=\"lazy\" decoding=\"async\" src=\"https:\/\/www.miradaastur.es\/wp-content\/uploads\/2021\/01\/pspr1-9421-700x300.jpg\" height=\"300\" width=\"700\" alt=\"\" class=\"slider-208 slide-305 msDefaultImage\" title=\"pspr1-9421\" \/><\/li>\n                <li style=\"display: none; width: 100%;\" class=\"slide-306 ms-image \" aria-roledescription=\"slide\" data-date=\"2021-01-23 17:50:47\" data-filename=\"pspr2-1048-700x300.jpg\" data-slide-type=\"image\"><img loading=\"lazy\" decoding=\"async\" src=\"https:\/\/www.miradaastur.es\/wp-content\/uploads\/2021\/01\/pspr2-1048-700x300.jpg\" height=\"300\" width=\"700\" alt=\"\" class=\"slider-208 slide-306 msDefaultImage\" title=\"pspr2-1048\" \/><\/li>\n                <li style=\"display: none; width: 100%;\" class=\"slide-308 ms-image \" aria-roledescription=\"slide\" data-date=\"2021-01-23 17:50:47\" data-filename=\"pspr2-6446-scaled-700x300.jpg\" data-slide-type=\"image\"><img loading=\"lazy\" decoding=\"async\" src=\"https:\/\/www.miradaastur.es\/wp-content\/uploads\/2021\/01\/pspr2-6446-scaled-700x300.jpg\" height=\"300\" width=\"700\" alt=\"\" class=\"slider-208 slide-308 msDefaultImage\" title=\"pspr2-6446\" \/><\/li>\n                <li style=\"display: none; width: 100%;\" class=\"slide-309 ms-image \" aria-roledescription=\"slide\" data-date=\"2021-01-23 17:50:47\" data-filename=\"pspr3-0652-700x300.jpg\" data-slide-type=\"image\"><img loading=\"lazy\" decoding=\"async\" src=\"https:\/\/www.miradaastur.es\/wp-content\/uploads\/2021\/01\/pspr3-0652-700x300.jpg\" height=\"300\" width=\"700\" alt=\"\" class=\"slider-208 slide-309 msDefaultImage\" title=\"pspr3-0652\" \/><\/li>\n            <\/ul>\n        <\/div>\n        \n    <\/div>\n<\/div><\/p>\r\n","protected":false},"excerpt":{"rendered":"<p>Nuestras actividades tienen lugar en los parajes de Leitariegos, donde el ritmo de vida se ralentiza poco a poco para dejar espacio al desarrollo de la naturaleza m\u00e1s pura, alej\u00e1ndonos del frenes\u00ed de los n\u00facleos urbanos m\u00e1s poblados. Desde Mirada Astur queremos hacer disfrutar al visitante con el entorno que nos rodea a trav\u00e9s de [&hellip;]<\/p>\n","protected":false},"author":1,"featured_media":136,"parent":0,"menu_order":0,"comment_status":"closed","ping_status":"closed","template":"","meta":{"footnotes":""},"class_list":["post-62","page","type-page","status-publish","has-post-thumbnail","hentry"],"_links":{"self":[{"href":"https:\/\/www.miradaastur.es\/index.php?rest_route=\/wp\/v2\/pages\/62","targetHints":{"allow":["GET"]}}],"collection":[{"href":"https:\/\/www.miradaastur.es\/index.php?rest_route=\/wp\/v2\/pages"}],"about":[{"href":"https:\/\/www.miradaastur.es\/index.php?rest_route=\/wp\/v2\/types\/page"}],"author":[{"embeddable":true,"href":"https:\/\/www.miradaastur.es\/index.php?rest_route=\/wp\/v2\/users\/1"}],"replies":[{"embeddable":true,"href":"https:\/\/www.miradaastur.es\/index.php?rest_route=%2Fwp%2Fv2%2Fcomments&post=62"}],"version-history":[{"count":5,"href":"https:\/\/www.miradaastur.es\/index.php?rest_route=\/wp\/v2\/pages\/62\/revisions"}],"predecessor-version":[{"id":499,"href":"https:\/\/www.miradaastur.es\/index.php?rest_route=\/wp\/v2\/pages\/62\/revisions\/499"}],"wp:featuredmedia":[{"embeddable":true,"href":"https:\/\/www.miradaastur.es\/index.php?rest_route=\/wp\/v2\/media\/136"}],"wp:attachment":[{"href":"https:\/\/www.miradaastur.es\/index.php?rest_route=%2Fwp%2Fv2%2Fmedia&parent=62"}],"curies":[{"name":"wp","href":"https:\/\/api.w.org\/{rel}","templated":true}]}}