{"id":71,"date":"2020-12-11T11:53:24","date_gmt":"2020-12-11T11:53:24","guid":{"rendered":"https:\/\/www.miradaastur.es\/?page_id=71"},"modified":"2021-01-23T18:16:50","modified_gmt":"2021-01-23T18:16:50","slug":"alojamiento","status":"publish","type":"page","link":"https:\/\/www.miradaastur.es\/?page_id=71","title":{"rendered":"Alojamiento"},"content":{"rendered":"\r\n<div id=\"wp-block-themeisle-blocks-advanced-columns-6358c326\" class=\"wp-block-themeisle-blocks-advanced-columns has-undefined-columns has-desktop-undefined-layout has-tablet-equal-layout has-mobile-equal-layout has-default-gap has-vertical-unset\">\r\n<div class=\"wp-block-themeisle-blocks-advanced-columns-overlay\">\u00a0<\/div>\r\n<div class=\"innerblocks-wrap\">\u00a0<\/div>\r\n<\/div>\r\n\r\n\r\n\r\n<p>A la hora de buscar alojamiento, aconsejamos los <a href=\"https:\/\/www.casavuelta.com\/\">Apartamentos Casa Vuelta<\/a>. Estos apartamentos se encuentran en el mismo pueblo donde est\u00e1 nuestra sede, Trascastro, en pleno coraz\u00f3n del entorno de Leitariegos,, evitando as\u00ed la necesidad de conducir para llegar a nuestras actividades.<\/p>\r\n\r\n\r\n\r\n<p>En estos alojamientos puedes encontrar las comodidades del siglo XXI y la tranquilidad de la naturaleza que rodea este acogedor pueblo, adem\u00e1s de precios especiales en nuestras actividades para aquellos que reserven all\u00ed.<\/p>\r\n\r\n\r\n\r\n<p>Puedes consultar estas ofertas a trav\u00e9s de su formulario que encontraras en la\u00a0<a href=\"https:\/\/www.casavuelta.com\/reservas\/\">p\u00e1gina oficial de Apartamentos Casa Vuelta<\/a>, o si lo prefieres, poni\u00e9ndote en contacto a trav\u00e9s de su n\u00famero de tel\u00e9fono: 630 27 64 84.<\/p>\r\n<p>&nbsp;<\/p>\r\n<p style=\"text-align: center;\"><div id=\"metaslider-id-312\" style=\"width: 100%;\" class=\"ml-slider-3-108-0 metaslider metaslider-flex metaslider-312 ml-slider has-dots-nav ms-theme-default\" role=\"region\" aria-label=\"Alojamiento\" data-height=\"300\" data-width=\"700\">\n    <div id=\"metaslider_container_312\">\n        <div id=\"metaslider_312\">\n            <ul class='slides'>\n                <li style=\"display: block; width: 100%;\" class=\"slide-323 ms-image \" aria-roledescription=\"slide\" data-date=\"2021-01-23 18:15:02\" data-filename=\"pr1-18511-700x300.jpg\" data-slide-type=\"image\"><img loading=\"lazy\" decoding=\"async\" src=\"https:\/\/www.miradaastur.es\/wp-content\/uploads\/2021\/01\/pr1-18511-700x300.jpg\" height=\"300\" width=\"700\" alt=\"\" class=\"slider-312 slide-323 msDefaultImage\" title=\"pr1-18511\" \/><\/li>\n                <li style=\"display: none; width: 100%;\" class=\"slide-324 ms-image \" aria-roledescription=\"slide\" data-date=\"2021-01-23 18:15:02\" data-filename=\"pr1-83621-700x300.jpg\" data-slide-type=\"image\"><img loading=\"lazy\" decoding=\"async\" src=\"https:\/\/www.miradaastur.es\/wp-content\/uploads\/2021\/01\/pr1-83621-700x300.jpg\" height=\"300\" width=\"700\" alt=\"\" class=\"slider-312 slide-324 msDefaultImage\" title=\"pr1-83621\" \/><\/li>\n                <li style=\"display: none; width: 100%;\" class=\"slide-325 ms-image \" aria-roledescription=\"slide\" data-date=\"2021-01-23 18:15:02\" data-filename=\"pr1-96251-700x300.jpg\" data-slide-type=\"image\"><img loading=\"lazy\" decoding=\"async\" src=\"https:\/\/www.miradaastur.es\/wp-content\/uploads\/2021\/01\/pr1-96251-700x300.jpg\" height=\"300\" width=\"700\" alt=\"\" class=\"slider-312 slide-325 msDefaultImage\" title=\"pr1-96251\" \/><\/li>\n                <li style=\"display: none; width: 100%;\" class=\"slide-326 ms-image \" aria-roledescription=\"slide\" data-date=\"2021-01-23 18:15:02\" data-filename=\"pr2-16981-700x300.jpg\" data-slide-type=\"image\"><img loading=\"lazy\" decoding=\"async\" src=\"https:\/\/www.miradaastur.es\/wp-content\/uploads\/2021\/01\/pr2-16981-700x300.jpg\" height=\"300\" width=\"700\" alt=\"\" class=\"slider-312 slide-326 msDefaultImage\" title=\"pr2-16981\" \/><\/li>\n                <li style=\"display: none; width: 100%;\" class=\"slide-327 ms-image \" aria-roledescription=\"slide\" data-date=\"2021-01-23 18:15:02\" data-filename=\"pr2-29681-700x300.jpg\" data-slide-type=\"image\"><img loading=\"lazy\" decoding=\"async\" src=\"https:\/\/www.miradaastur.es\/wp-content\/uploads\/2021\/01\/pr2-29681-700x300.jpg\" height=\"300\" width=\"700\" alt=\"\" class=\"slider-312 slide-327 msDefaultImage\" title=\"pr2-29681\" \/><\/li>\n                <li style=\"display: none; width: 100%;\" class=\"slide-328 ms-image \" aria-roledescription=\"slide\" data-date=\"2021-01-23 18:15:02\" data-filename=\"prnpr2-36991-700x300.jpg\" data-slide-type=\"image\"><img loading=\"lazy\" decoding=\"async\" src=\"https:\/\/www.miradaastur.es\/wp-content\/uploads\/2021\/01\/prnpr2-36991-700x300.jpg\" height=\"300\" width=\"700\" alt=\"\" class=\"slider-312 slide-328 msDefaultImage\" title=\"prnpr2-36991\" \/><\/li>\n                <li style=\"display: none; width: 100%;\" class=\"slide-329 ms-image \" aria-roledescription=\"slide\" data-date=\"2021-01-23 18:15:02\" data-filename=\"prnpr3-51671-700x300.jpg\" data-slide-type=\"image\"><img loading=\"lazy\" decoding=\"async\" src=\"https:\/\/www.miradaastur.es\/wp-content\/uploads\/2021\/01\/prnpr3-51671-700x300.jpg\" height=\"300\" width=\"700\" alt=\"\" class=\"slider-312 slide-329 msDefaultImage\" title=\"prnpr3-51671\" \/><\/li>\n                <li style=\"display: none; width: 100%;\" class=\"slide-330 ms-image \" aria-roledescription=\"slide\" data-date=\"2021-01-23 18:15:02\" data-filename=\"pspr2-10021-700x300.jpg\" data-slide-type=\"image\"><img loading=\"lazy\" decoding=\"async\" src=\"https:\/\/www.miradaastur.es\/wp-content\/uploads\/2021\/01\/pspr2-10021-700x300.jpg\" height=\"300\" width=\"700\" alt=\"\" class=\"slider-312 slide-330 msDefaultImage\" title=\"pspr2-10021\" \/><\/li>\n                <li style=\"display: none; width: 100%;\" class=\"slide-380 ms-image \" aria-roledescription=\"slide\" data-date=\"2021-01-25 13:39:16\" data-filename=\"pr1-23471-700x300.jpg\" data-slide-type=\"image\"><img loading=\"lazy\" decoding=\"async\" src=\"https:\/\/www.miradaastur.es\/wp-content\/uploads\/2021\/01\/pr1-23471-700x300.jpg\" height=\"300\" width=\"700\" alt=\"\" class=\"slider-312 slide-380 msDefaultImage\" title=\"pr1-23471\" \/><\/li>\n                <li style=\"display: none; width: 100%;\" class=\"slide-381 ms-image \" aria-roledescription=\"slide\" data-date=\"2021-01-25 13:39:16\" data-filename=\"prpr2-37802-1-700x300.jpg\" data-slide-type=\"image\"><img loading=\"lazy\" decoding=\"async\" src=\"https:\/\/www.miradaastur.es\/wp-content\/uploads\/2021\/01\/prpr2-37802-1-700x300.jpg\" height=\"300\" width=\"700\" alt=\"\" class=\"slider-312 slide-381 msDefaultImage\" title=\"prpr2-37802\" \/><\/li>\n                <li style=\"display: none; width: 100%;\" class=\"slide-382 ms-image \" aria-roledescription=\"slide\" data-date=\"2021-01-25 13:39:16\" data-filename=\"pspr2-37921-700x300.jpg\" data-slide-type=\"image\"><img loading=\"lazy\" decoding=\"async\" src=\"https:\/\/www.miradaastur.es\/wp-content\/uploads\/2021\/01\/pspr2-37921-700x300.jpg\" height=\"300\" width=\"700\" alt=\"\" class=\"slider-312 slide-382 msDefaultImage\" title=\"pspr2-37921\" \/><\/li>\n            <\/ul>\n        <\/div>\n        \n    <\/div>\n<\/div><\/p>\r\n\r\n\r\n<hr class=\"wp-block-separator\" \/>","protected":false},"excerpt":{"rendered":"<p>A la hora de buscar alojamiento, aconsejamos los Apartamentos Casa Vuelta. Estos apartamentos se encuentran en el mismo pueblo donde est\u00e1 nuestra sede, Trascastro, en pleno coraz\u00f3n del entorno de Leitariegos,, evitando as\u00ed la necesidad de conducir para llegar a nuestras actividades. En estos alojamientos puedes encontrar las comodidades del siglo XXI y la tranquilidad [&hellip;]<\/p>\n","protected":false},"author":1,"featured_media":146,"parent":0,"menu_order":0,"comment_status":"closed","ping_status":"closed","template":"","meta":{"footnotes":""},"class_list":["post-71","page","type-page","status-publish","has-post-thumbnail","hentry"],"_links":{"self":[{"href":"https:\/\/www.miradaastur.es\/index.php?rest_route=\/wp\/v2\/pages\/71","targetHints":{"allow":["GET"]}}],"collection":[{"href":"https:\/\/www.miradaastur.es\/index.php?rest_route=\/wp\/v2\/pages"}],"about":[{"href":"https:\/\/www.miradaastur.es\/index.php?rest_route=\/wp\/v2\/types\/page"}],"author":[{"embeddable":true,"href":"https:\/\/www.miradaastur.es\/index.php?rest_route=\/wp\/v2\/users\/1"}],"replies":[{"embeddable":true,"href":"https:\/\/www.miradaastur.es\/index.php?rest_route=%2Fwp%2Fv2%2Fcomments&post=71"}],"version-history":[{"count":4,"href":"https:\/\/www.miradaastur.es\/index.php?rest_route=\/wp\/v2\/pages\/71\/revisions"}],"predecessor-version":[{"id":331,"href":"https:\/\/www.miradaastur.es\/index.php?rest_route=\/wp\/v2\/pages\/71\/revisions\/331"}],"wp:featuredmedia":[{"embeddable":true,"href":"https:\/\/www.miradaastur.es\/index.php?rest_route=\/wp\/v2\/media\/146"}],"wp:attachment":[{"href":"https:\/\/www.miradaastur.es\/index.php?rest_route=%2Fwp%2Fv2%2Fmedia&parent=71"}],"curies":[{"name":"wp","href":"https:\/\/api.w.org\/{rel}","templated":true}]}}